{"id":2,"date":"2017-01-16T14:40:34","date_gmt":"2017-01-16T13:40:34","guid":{"rendered":"http:\/\/nowa.auditlab.pl\/?page_id=2"},"modified":"2017-09-04T14:49:01","modified_gmt":"2017-09-04T12:49:01","slug":"przykladowa-strona","status":"publish","type":"page","link":"https:\/\/auditlab.pl\/","title":{"rendered":"O Audit Lab"},"content":{"rendered":"<p><strong><img loading=\"lazy\" decoding=\"async\" class=\"alignnone size-full wp-image-179 alignleft\" src=\"http:\/\/nowa.auditlab.pl\/wp-content\/uploads\/2017\/01\/logo12.jpg\" alt=\"\" width=\"147\" height=\"135\" \/>A<\/strong>udit Lab Sp. z o.o. jest do\u015bwiadczonym podmiotem w bran\u017cy us\u0142ug audytu i badania sprawozda\u0144 finansowych. Sp\u00f3\u0142ka istnieje od 2009 roku, \u015bwiadczy us\u0142ugi audytu i badania sprawozda\u0144. Us\u0142ugi dla naszych klient\u00f3w s\u0105 realizowane przez ekspert\u00f3w posiadaj\u0105cych stosowne uprawnienia oraz wieloletnie do\u015bwiadczenie. Wsp\u00f3\u0142pracujemy z ekspertami posiadaj\u0105cymi uprawnienia bieg\u0142ego rewidenta o wieloletnim do\u015bwiadczeniu w badaniu sprawozda\u0144 finansowych a tak\u017ce z osobami posiadaj\u0105cymi uprawnienia audytora wewn\u0119trznego, certyfikowanego ksi\u0119gowego, doradcy podatkowego i radcy prawnego.<\/p>\n<p>Nasza sp\u00f3\u0142ka jest wpisana na list\u0119 podmiot\u00f3w uprawnionych do badania sprawozda\u0144 finansowych pod numerem 3584 (www.pibr.org.pl).<\/p>\n<p>&nbsp;<\/p>\n","protected":false},"excerpt":{"rendered":"<p>Audit Lab Sp. z o.o. jest do\u015bwiadczonym podmiotem w bran\u017cy us\u0142ug audytu i badania sprawozda\u0144 finansowych. Sp\u00f3\u0142ka istnieje od 2009 roku, \u015bwiadczy us\u0142ugi audytu i badania sprawozda\u0144. Us\u0142ugi dla naszych klient\u00f3w s\u0105 realizowane przez ekspert\u00f3w posiadaj\u0105cych stosowne uprawnienia oraz wieloletnie do\u015bwiadczenie. Wsp\u00f3\u0142pracujemy z ekspertami posiadaj\u0105cymi uprawnienia bieg\u0142ego rewidenta o wieloletnim do\u015bwiadczeniu w badaniu sprawozda\u0144 finansowych&hellip;<\/p>\n","protected":false},"author":1,"featured_media":0,"parent":0,"menu_order":0,"comment_status":"closed","ping_status":"open","template":"","meta":{"footnotes":""},"class_list":["post-2","page","type-page","status-publish","hentry"],"_links":{"self":[{"href":"https:\/\/auditlab.pl\/index.php\/wp-json\/wp\/v2\/pages\/2","targetHints":{"allow":["GET"]}}],"collection":[{"href":"https:\/\/auditlab.pl\/index.php\/wp-json\/wp\/v2\/pages"}],"about":[{"href":"https:\/\/auditlab.pl\/index.php\/wp-json\/wp\/v2\/types\/page"}],"author":[{"embeddable":true,"href":"https:\/\/auditlab.pl\/index.php\/wp-json\/wp\/v2\/users\/1"}],"replies":[{"embeddable":true,"href":"https:\/\/auditlab.pl\/index.php\/wp-json\/wp\/v2\/comments?post=2"}],"version-history":[{"count":3,"href":"https:\/\/auditlab.pl\/index.php\/wp-json\/wp\/v2\/pages\/2\/revisions"}],"predecessor-version":[{"id":180,"href":"https:\/\/auditlab.pl\/index.php\/wp-json\/wp\/v2\/pages\/2\/revisions\/180"}],"wp:attachment":[{"href":"https:\/\/auditlab.pl\/index.php\/wp-json\/wp\/v2\/media?parent=2"}],"curies":[{"name":"wp","href":"https:\/\/api.w.org\/{rel}","templated":true}]}}